{"id":2116,"date":"2024-01-19T18:17:53","date_gmt":"2024-01-19T18:17:53","guid":{"rendered":"https:\/\/old-dynabrain.cnc.uc.pt\/?page_id=2116"},"modified":"2024-06-08T12:59:49","modified_gmt":"2024-06-08T12:59:49","slug":"courses","status":"publish","type":"page","link":"https:\/\/old-dynabrain.cnc.uc.pt\/?page_id=2116","title":{"rendered":"COURSES"},"content":{"rendered":"\n<div class=\"wp-block-image\"><figure class=\"alignright size-full is-resized\"><img loading=\"lazy\" src=\"https:\/\/old-dynabrain.cnc.uc.pt\/wp-content\/uploads\/2024\/01\/Upcoming-courses.png\" alt=\"\" class=\"wp-image-2129\" width=\"221\" height=\"122\"\/><\/figure><\/div>\n\n\n\n<div style=\"height:1px\" aria-hidden=\"true\" class=\"wp-block-spacer\"><\/div>\n\n\n\n<p class=\"has-text-align-right has-medium-font-size\">More courses coming soon.<\/p>\n\n\n\n<p class=\"has-text-align-right has-medium-font-size\"><br><\/p>\n\n\n\n<p class=\"has-text-align-right\"><\/p>\n\n\n\n<p class=\"has-text-align-right has-medium-font-size\"><\/p>\n\n\n\n<div style=\"height:16px\" aria-hidden=\"true\" class=\"wp-block-spacer\"><\/div>\n\n\n\n<figure class=\"wp-block-image size-full is-resized\"><img loading=\"lazy\" src=\"https:\/\/old-dynabrain.cnc.uc.pt\/wp-content\/uploads\/2024\/01\/Past-courses.png\" alt=\"\" class=\"wp-image-2131\" width=\"237\" height=\"131\"\/><\/figure>\n\n\n\n<div class=\"wp-block-columns\">\n<div class=\"wp-block-column\">\n<figure class=\"wp-block-gallery has-nested-images columns-default is-cropped\">\n<figure class=\"wp-block-image size-large\"><img loading=\"lazy\" width=\"1600\" height=\"1200\" src=\"https:\/\/old-dynabrain.cnc.uc.pt\/wp-content\/uploads\/2024\/02\/WhatsApp-Image-2024-02-06-at-15.54.351.jpeg\" alt=\"\" class=\"wp-image-2228\"\/><\/figure>\n\n\n\n<figure class=\"wp-block-image size-large\"><img loading=\"lazy\" width=\"1600\" height=\"1200\" src=\"https:\/\/old-dynabrain.cnc.uc.pt\/wp-content\/uploads\/2024\/02\/WhatsApp-Image-2024-02-06-at-15.54.356.jpeg\" alt=\"\" class=\"wp-image-2230\"\/><\/figure>\n\n\n\n<figure class=\"wp-block-image size-large\"><img loading=\"lazy\" width=\"1600\" height=\"1200\" src=\"https:\/\/old-dynabrain.cnc.uc.pt\/wp-content\/uploads\/2024\/02\/WhatsApp-Image-2024-02-06-at-15.54.358.jpeg\" alt=\"\" class=\"wp-image-2229\"\/><\/figure>\n\n\n\n<figure class=\"wp-block-image size-large\"><img loading=\"lazy\" width=\"1600\" height=\"1200\" src=\"https:\/\/old-dynabrain.cnc.uc.pt\/wp-content\/uploads\/2024\/02\/WhatsApp-Image-2024-02-06-at-15.54.354.jpeg\" alt=\"\" class=\"wp-image-2231\"\/><\/figure>\n<\/figure>\n<\/div>\n\n\n\n<div class=\"wp-block-column\">\n<div style=\"height:34px\" aria-hidden=\"true\" class=\"wp-block-spacer\"><\/div>\n\n\n\n<p class=\"has-text-align-right has-medium-font-size\" id=\"block-b63310b9-6ea2-45a1-ab91-3614ddeb3d96\"><strong><strong><strong>PDBEB Course<\/strong><\/strong> &#8211; Neuronal Circuits and Behavior 2023\/2024<\/strong><\/p>\n\n\n\n<p class=\"has-text-align-right has-medium-font-size\" id=\"block-4b13c901-a587-45a2-9ce3-1eb2ea3228ad\">February 5-9, 2024<\/p>\n\n\n\n<p class=\"has-text-align-right\" id=\"block-33c7999a-1a80-4a95-a6fb-8306a9de10cb\">Coordinated by Jo\u00e3o Pe\u00e7a and Cristina M\u00e1rquez<br>Attended by 9 PhD students from CNC-UC<\/p>\n\n\n\n<p class=\"has-text-align-right has-medium-font-size\" id=\"block-8eb17a99-43ad-4bf6-96df-5aa36dc6cb9d\">Complete course programme <a rel=\"noreferrer noopener\" href=\"https:\/\/drive.google.com\/file\/d\/1tVuxYM-W2VTLtLModbceX5-f87yMDn8j\/view\" target=\"_blank\">here<\/a>.<\/p>\n<\/div>\n<\/div>\n\n\n\n<hr class=\"wp-block-separator\"\/>\n\n\n\n<div style=\"height:22px\" aria-hidden=\"true\" class=\"wp-block-spacer\"><\/div>\n\n\n\n<div class=\"wp-block-columns\">\n<div class=\"wp-block-column\" style=\"flex-basis:33.33%\">\n<figure class=\"wp-block-image size-full\"><img loading=\"lazy\" width=\"2820\" height=\"2710\" src=\"https:\/\/old-dynabrain.cnc.uc.pt\/wp-content\/uploads\/2024\/01\/evento_site_logo.png\" alt=\"\" class=\"wp-image-2201\"\/><\/figure>\n<\/div>\n\n\n\n<div class=\"wp-block-column\" style=\"flex-basis:66.66%\">\n<p class=\"has-medium-font-size\" id=\"block-e1f6918b-8e18-4f3a-ac17-7925a0ea7fa5\"><strong><strong>Neuroscience meets society: <\/strong><\/strong><br><strong><strong>Transversal skills for future neuroscientists<\/strong><\/strong><br>December 11-15, 2023<br>CNC-UC<\/p>\n\n\n\n<p id=\"block-874b88ec-1929-40e1-87aa-284266ba1c2b\">Organized by Catarina Cunha, Lu\u00eds Ribeiro, Lu\u00edsa Cortes, Joana Ferreira and Sara Amaral.<br>Supported by DYNABrain<br>Attended by 12 PhD students from CNC-UC and external<\/p>\n\n\n\n<p class=\"has-medium-font-size\" id=\"block-a36deee1-4321-4a6f-bcaf-752d00310cf2\">Complete course programme <a href=\"https:\/\/nms.cnc.uc.pt\/?page_id=38\" target=\"_blank\" rel=\"noreferrer noopener\">here<\/a>.<\/p>\n<\/div>\n<\/div>\n\n\n\n<figure class=\"wp-block-gallery has-nested-images columns-default is-cropped\">\n<figure class=\"wp-block-image size-large\"><img loading=\"lazy\" width=\"1600\" height=\"1213\" data-id=\"2207\"  src=\"https:\/\/old-dynabrain.cnc.uc.pt\/wp-content\/uploads\/2024\/01\/WhatsApp-Image-2024-01-26-at-10.38.551.jpeg\" alt=\"\" class=\"wp-image-2207\"\/><figcaption>PhD students who attended the course<\/figcaption><\/figure>\n\n\n\n<figure class=\"wp-block-image size-large\"><img loading=\"lazy\" width=\"1600\" height=\"1197\" data-id=\"2208\"  src=\"https:\/\/old-dynabrain.cnc.uc.pt\/wp-content\/uploads\/2024\/01\/WhatsApp-Image-2024-01-26-at-10.38.552.jpeg\" alt=\"\" class=\"wp-image-2208\"\/><figcaption>Students during &#8220;Storytelling&#8221; session<\/figcaption><\/figure>\n\n\n\n<figure class=\"wp-block-image size-large\"><img loading=\"lazy\" width=\"1503\" height=\"1600\" data-id=\"2209\"  src=\"https:\/\/old-dynabrain.cnc.uc.pt\/wp-content\/uploads\/2024\/01\/WhatsApp-Image-2024-01-26-at-10.38.55.jpeg\" alt=\"\" class=\"wp-image-2209\"\/><figcaption>Students during group work<\/figcaption><\/figure>\n<\/figure>\n\n\n\n<div style=\"height:92px\" aria-hidden=\"true\" class=\"wp-block-spacer\"><\/div>\n","protected":false},"excerpt":{"rendered":"<p>More courses coming soon. PDBEB Course &#8211; Neuronal Circuits and Behavior 2023\/2024 February 5-9, 2024 Coordinated by Jo\u00e3o Pe\u00e7a and Cristina M\u00e1rquezAttended by 9 PhD students from CNC-UC Complete course programme here. Neuroscience meets society: Transversal skills for future neuroscientistsDecember 11-15, 2023CNC-UC Organized by Catarina Cunha, Lu\u00eds Ribeiro, Lu\u00edsa Cortes, Joana Ferreira and Sara Amaral.Supported &hellip; <\/p>\n<p class=\"link-more\"><a href=\"https:\/\/old-dynabrain.cnc.uc.pt\/?page_id=2116\" class=\"more-link\">Read more<span class=\"screen-reader-text\"> &#8220;COURSES&#8221;<\/span><\/a><\/p>\n","protected":false},"author":1,"featured_media":0,"parent":0,"menu_order":0,"comment_status":"closed","ping_status":"closed","template":"","meta":{"_mi_skip_tracking":false,"_monsterinsights_sitenote_active":false,"_monsterinsights_sitenote_note":"","_monsterinsights_sitenote_category":0},"_links":{"self":[{"href":"https:\/\/old-dynabrain.cnc.uc.pt\/index.php?rest_route=\/wp\/v2\/pages\/2116"}],"collection":[{"href":"https:\/\/old-dynabrain.cnc.uc.pt\/index.php?rest_route=\/wp\/v2\/pages"}],"about":[{"href":"https:\/\/old-dynabrain.cnc.uc.pt\/index.php?rest_route=\/wp\/v2\/types\/page"}],"author":[{"embeddable":true,"href":"https:\/\/old-dynabrain.cnc.uc.pt\/index.php?rest_route=\/wp\/v2\/users\/1"}],"replies":[{"embeddable":true,"href":"https:\/\/old-dynabrain.cnc.uc.pt\/index.php?rest_route=%2Fwp%2Fv2%2Fcomments&post=2116"}],"version-history":[{"count":24,"href":"https:\/\/old-dynabrain.cnc.uc.pt\/index.php?rest_route=\/wp\/v2\/pages\/2116\/revisions"}],"predecessor-version":[{"id":2469,"href":"https:\/\/old-dynabrain.cnc.uc.pt\/index.php?rest_route=\/wp\/v2\/pages\/2116\/revisions\/2469"}],"wp:attachment":[{"href":"https:\/\/old-dynabrain.cnc.uc.pt\/index.php?rest_route=%2Fwp%2Fv2%2Fmedia&parent=2116"}],"curies":[{"name":"wp","href":"https:\/\/api.w.org\/{rel}","templated":true}]}}