{"id":1436,"date":"2022-12-07T09:02:39","date_gmt":"2022-12-07T09:02:39","guid":{"rendered":"https:\/\/old-dynabrain.cnc.uc.pt\/?page_id=1436"},"modified":"2024-07-31T15:37:12","modified_gmt":"2024-07-31T15:37:12","slug":"find-us","status":"publish","type":"page","link":"https:\/\/old-dynabrain.cnc.uc.pt\/?page_id=1436","title":{"rendered":"Find us"},"content":{"rendered":"\n\n<p><strong>Address:<\/strong><br \/>Neural Circuits of Social Behaviour Lab<br \/>Centro de Neuroci\u00eancias e Biologia Celular<br \/>UC-Biotech<br \/>Parque Tecnol\u00f3gico de Cantanhede, Lote 8<br \/>3060-197 Cantanhede<br \/>Portugal<\/p>\n<p><strong>Contacts:<\/strong><br \/>Cristina M\u00e1rquez &#8211; Principal Investigator<br \/><a href=\"mailto:cmarquez@cnc.uc.pt\">cmarquez@cnc.uc.pt<\/a><\/p>\n<p>Raquel Rodrigues &#8211; Project Manager<br \/><a rel=\"noreferrer noopener\" href=\"mailto:raquel.rodrigues@cnc.uc.pt\" target=\"_blank\">raquel.rodrigues@cnc.uc.pt<\/a> <\/p>\n<p>Tiffany Pinho &#8211; Project Manager<br \/><a rel=\"noreferrer noopener\" href=\"mailto:raquel.rodrigues@cnc.uc.pt\" target=\"_blank\">tiffanypinho@cnc.uc.pt<\/a> <\/p>\n\n\n<p><iframe src=\"https:\/\/www.google.com\/maps\/embed?pb=!1m18!1m12!1m3!1d3040.1639963540306!2d-8.610908984873129!3d40.36088787937164!2m3!1f0!2f0!3f0!3m2!1i1024!2i768!4f13.1!3m3!1m2!1s0xd23ac512345550b%3A0x9386db5e90fb38e!2sUC%20Biotech%20(CNC)!5e0!3m2!1spt-PT!2spt!4v1670402211456!5m2!1spt-PT!2spt\" allowfullscreen=\"\" loading=\"lazy\" width=\"1200\" height=\"450\"><\/iframe><\/p>\n\n","protected":false},"excerpt":{"rendered":"<p>Address:Neural Circuits of Social Behaviour LabCentro de Neuroci\u00eancias e Biologia CelularUC-BiotechParque Tecnol\u00f3gico de Cantanhede, Lote 83060-197 CantanhedePortugal Contacts:Cristina M\u00e1rquez &#8211; Principal Investigatorcmarquez@cnc.uc.pt Raquel Rodrigues &#8211; Project Managerraquel.rodrigues@cnc.uc.pt Tiffany Pinho &#8211; Project Managertiffanypinho@cnc.uc.pt<\/p>\n","protected":false},"author":1,"featured_media":0,"parent":0,"menu_order":0,"comment_status":"closed","ping_status":"closed","template":"","meta":{"_mi_skip_tracking":false,"_monsterinsights_sitenote_active":false,"_monsterinsights_sitenote_note":"","_monsterinsights_sitenote_category":0},"_links":{"self":[{"href":"https:\/\/old-dynabrain.cnc.uc.pt\/index.php?rest_route=\/wp\/v2\/pages\/1436"}],"collection":[{"href":"https:\/\/old-dynabrain.cnc.uc.pt\/index.php?rest_route=\/wp\/v2\/pages"}],"about":[{"href":"https:\/\/old-dynabrain.cnc.uc.pt\/index.php?rest_route=\/wp\/v2\/types\/page"}],"author":[{"embeddable":true,"href":"https:\/\/old-dynabrain.cnc.uc.pt\/index.php?rest_route=\/wp\/v2\/users\/1"}],"replies":[{"embeddable":true,"href":"https:\/\/old-dynabrain.cnc.uc.pt\/index.php?rest_route=%2Fwp%2Fv2%2Fcomments&post=1436"}],"version-history":[{"count":14,"href":"https:\/\/old-dynabrain.cnc.uc.pt\/index.php?rest_route=\/wp\/v2\/pages\/1436\/revisions"}],"predecessor-version":[{"id":2558,"href":"https:\/\/old-dynabrain.cnc.uc.pt\/index.php?rest_route=\/wp\/v2\/pages\/1436\/revisions\/2558"}],"wp:attachment":[{"href":"https:\/\/old-dynabrain.cnc.uc.pt\/index.php?rest_route=%2Fwp%2Fv2%2Fmedia&parent=1436"}],"curies":[{"name":"wp","href":"https:\/\/api.w.org\/{rel}","templated":true}]}}